{"id":215,"date":"2014-12-10T16:54:14","date_gmt":"2014-12-10T15:54:14","guid":{"rendered":"http:\/\/lynx-medias.fr\/site\/?page_id=215"},"modified":"2014-12-16T16:02:56","modified_gmt":"2014-12-16T15:02:56","slug":"presentation","status":"publish","type":"page","link":"http:\/\/lynx-medias.fr\/site\/presentation\/","title":{"rendered":"Quelques mots de pr\u00e9sentation"},"content":{"rendered":"<p>&nbsp;<\/p>\n<h4 style=\"text-align: justify;\"><a href=\"http:\/\/lynx-medias.fr\/site\/wp-content\/uploads\/2014\/12\/PhotoCaro-FredericCoudreau-.jpg\"><img loading=\"lazy\" class=\"aligncenter size-full wp-image-219\" src=\"http:\/\/lynx-medias.fr\/site\/wp-content\/uploads\/2014\/12\/PhotoCaro-FredericCoudreau-.jpg\" alt=\"PhotoCaro-FredericCoudreau-\" width=\"1021\" height=\"680\" data-id=\"219\" srcset=\"http:\/\/lynx-medias.fr\/site\/wp-content\/uploads\/2014\/12\/PhotoCaro-FredericCoudreau-.jpg 1021w, http:\/\/lynx-medias.fr\/site\/wp-content\/uploads\/2014\/12\/PhotoCaro-FredericCoudreau--300x199.jpg 300w\" sizes=\"(max-width: 1021px) 100vw, 1021px\" \/><\/a><\/h4>\n<p>&nbsp;<\/p>\n<h4>Journaliste depuis 2002, j&rsquo;ai commenc\u00e9 par travailler en Russie, au <a title=\"Courrier de Russie\" href=\"http:\/\/www.lecourrierderussie.com\">Courrier de Russie<\/a> que j&rsquo;ai contribu\u00e9 \u00e0 cr\u00e9er. Pendant pr\u00e8s de trois ans, j&rsquo;ai assur\u00e9 la r\u00e9daction en chef de ce bimensuel d\u00e9di\u00e9 \u00e0 la communaut\u00e9 francophone de Russie. Ce fut un bapt\u00eame du feu passionnant et formateur, entre d\u00e9finition de la maquette, \u00e9criture d&rsquo;articles et d&rsquo;\u00e9ditoriaux, recrutement des collaborateurs, corrections et mise en pages&#8230; Sans parler du\u00a0 monde russe, fascinant et ensorcelant, et de la dynamique communaut\u00e9 d&rsquo;expatri\u00e9s.<\/h4>\n<p><a title=\"Le num\u00e9ro 53 du Courrier de Russie\" href=\"http:\/\/lynx-medias.fr\/site\/wp-content\/uploads\/2014\/12\/CourrierDeRussieNumero53-.pdf\" target=\"_blank\"><img loading=\"lazy\" class=\"aligncenter wp-image-393 size-full\" src=\"http:\/\/lynx-medias.fr\/site\/wp-content\/uploads\/2014\/12\/CourrierDeRussieNumero53Haut.jpg\" alt=\"CourrierDeRussieNumero53Haut\" width=\"1080\" height=\"681\" data-id=\"393\" srcset=\"http:\/\/lynx-medias.fr\/site\/wp-content\/uploads\/2014\/12\/CourrierDeRussieNumero53Haut.jpg 1080w, http:\/\/lynx-medias.fr\/site\/wp-content\/uploads\/2014\/12\/CourrierDeRussieNumero53Haut-300x189.jpg 300w, http:\/\/lynx-medias.fr\/site\/wp-content\/uploads\/2014\/12\/CourrierDeRussieNumero53Haut-1024x645.jpg 1024w, http:\/\/lynx-medias.fr\/site\/wp-content\/uploads\/2014\/12\/CourrierDeRussieNumero53Haut-600x378.jpg 600w\" sizes=\"(max-width: 1080px) 100vw, 1080px\" \/><\/a><\/p>\n<h4 style=\"text-align: center;\"><a title=\"Le num\u00e9ro 53 du Courrier de Russie\" href=\"http:\/\/lynx-medias.fr\/site\/wp-content\/uploads\/2014\/12\/CourrierDeRussieNumero53-.pdf\" target=\"_blank\">D\u00e9couvrir Le Courrier de Russie (num\u00e9ro 53, du 9 au 16 avril 2005)<\/a><\/h4>\n<h4>A mon retour en France, je me suis sp\u00e9cialis\u00e9e dans le secteur de l&rsquo;environnement, et d\u00e8s 2007 j&rsquo;ai int\u00e9gr\u00e9 le journal <a title=\"Le journal Hydroplus\" href=\"http:\/\/www.hydroplus.info\/\">Hydroplus<\/a>, un mensuel d\u00e9di\u00e9 \u00e0 l&rsquo;eau et \u00e0 l&rsquo;assainissement. J&rsquo;ai arpent\u00e9 sans rel\u00e2che les stations d&rsquo;\u00e9puration et les rivi\u00e8res de France et d&rsquo;Europe, les r\u00e9seaux d&rsquo;eau et les usines de fabrication de pompes.<\/h4>\n<h4 style=\"text-align: justify;\">Depuis mars 2012, je suis devenue journaliste pigiste, diversifiant mes sp\u00e9cialisations: risques professionnels pour <a title=\"Actuel HSE\" href=\"http:\/\/www.actuel-hse.fr\">www.actuel-hse.fr<\/a>, isolation du b\u00e2timent pour <a title=\"B\u00e2ti Isolation\" href=\"http:\/\/www.bati-isol.fr\/\">B\u00e2ti Isolation<\/a>, efficacit\u00e9 \u00e9nerg\u00e9tique pour <a title=\"Energie Plus\" href=\"http:\/\/atee.fr\/energie-plus-magazine\">Energie Plus<\/a>, probl\u00e9matiques territoriales pour <a title=\"Technicites\" href=\"http:\/\/www.technicites.fr\/\">Techni.cit\u00e9s<\/a>, tout en gardant un pied dans l&rsquo;eau pour <a title=\"L'eau magazine\" href=\"http:\/\/www.eau-entreprises.org\/fr\/publications\/new_numero.php\">L&rsquo;eau magazine<\/a> et un autre \u00e0 l&rsquo;est pour <a title=\"Politique Internationale\" href=\"http:\/\/www.politiqueinternationale.com\/\">Politique Internationale<\/a>.<\/h4>\n<h4>\u00a0Depuis 2013, je me sp\u00e9cialise aussi dans la vid\u00e9o : reportages vid\u00e9o, documentaires. Une nouvelle passion \u00e0 explorer&#8230;<\/h4>\n<p>&nbsp;<\/p>\n<p><a href=\"http:\/\/lynx-medias.fr\/site\/category\/documentaires\/\"><img loading=\"lazy\" class=\"aligncenter size-large wp-image-245\" src=\"http:\/\/lynx-medias.fr\/site\/wp-content\/uploads\/2014\/12\/PhotoYoutube--1024x576.jpg\" alt=\"PhotoYoutube-\" width=\"680\" height=\"382\" data-id=\"245\" srcset=\"http:\/\/lynx-medias.fr\/site\/wp-content\/uploads\/2014\/12\/PhotoYoutube--1024x576.jpg 1024w, http:\/\/lynx-medias.fr\/site\/wp-content\/uploads\/2014\/12\/PhotoYoutube--300x168.jpg 300w\" sizes=\"(max-width: 680px) 100vw, 680px\" \/><\/a><\/p>\n","protected":false},"excerpt":{"rendered":"<p>&nbsp; &nbsp; Journaliste depuis 2002, j&rsquo;ai commenc\u00e9 par travailler en Russie, au Courrier de Russie que j&rsquo;ai contribu\u00e9 \u00e0 cr\u00e9er. Pendant pr\u00e8s de trois ans, j&rsquo;ai assur\u00e9 la r\u00e9daction en chef de ce bimensuel d\u00e9di\u00e9 \u00e0 la communaut\u00e9 francophone de Russie. Ce fut un bapt\u00eame du feu passionnant et formateur, entre d\u00e9finition de la maquette, \u00e9criture d&rsquo;articles et d&rsquo;\u00e9ditoriaux, recrutement des collaborateurs, corrections et mise en pages&#8230; Sans parler du\u00a0 monde russe, fascinant et ensorcelant, et de la dynamique communaut\u00e9 d&rsquo;expatri\u00e9s. D\u00e9couvrir Le Courrier de Russie (num\u00e9ro 53, du 9 au 16 avril 2005) A mon retour en France, je<\/p>\n","protected":false},"author":1,"featured_media":0,"parent":0,"menu_order":0,"comment_status":"open","ping_status":"open","template":"","meta":[],"_links":{"self":[{"href":"http:\/\/lynx-medias.fr\/site\/wp-json\/wp\/v2\/pages\/215"}],"collection":[{"href":"http:\/\/lynx-medias.fr\/site\/wp-json\/wp\/v2\/pages"}],"about":[{"href":"http:\/\/lynx-medias.fr\/site\/wp-json\/wp\/v2\/types\/page"}],"author":[{"embeddable":true,"href":"http:\/\/lynx-medias.fr\/site\/wp-json\/wp\/v2\/users\/1"}],"replies":[{"embeddable":true,"href":"http:\/\/lynx-medias.fr\/site\/wp-json\/wp\/v2\/comments?post=215"}],"version-history":[{"count":38,"href":"http:\/\/lynx-medias.fr\/site\/wp-json\/wp\/v2\/pages\/215\/revisions"}],"predecessor-version":[{"id":398,"href":"http:\/\/lynx-medias.fr\/site\/wp-json\/wp\/v2\/pages\/215\/revisions\/398"}],"wp:attachment":[{"href":"http:\/\/lynx-medias.fr\/site\/wp-json\/wp\/v2\/media?parent=215"}],"curies":[{"name":"wp","href":"https:\/\/api.w.org\/{rel}","templated":true}]}}